{"id":10,"date":"2024-03-18T20:01:16","date_gmt":"2024-03-18T19:01:16","guid":{"rendered":"http:\/\/www.inconscient-collectif.com\/?page_id=10"},"modified":"2024-03-20T11:25:03","modified_gmt":"2024-03-20T10:25:03","slug":"psychologie-sociale","status":"publish","type":"page","link":"https:\/\/www.inconscient-collectif.com\/index.php\/psychologie-sociale\/","title":{"rendered":"Psychologie sociale."},"content":{"rendered":"\n<figure class=\"wp-block-embed is-type-wp-embed is-provider-inconscient-collectif-com wp-block-embed-inconscient-collectif-com\"><div class=\"wp-block-embed__wrapper\">\n<blockquote class=\"wp-embedded-content\" data-secret=\"B344BBEFOX\"><a href=\"http:\/\/www.inconscient-collectif.com\/index.php\/2024\/03\/20\/autorite-entre-soumission-et-resistance\/\">Autorit\u00e9, entre soumission et r\u00e9sistance.<\/a><\/blockquote><iframe loading=\"lazy\" class=\"wp-embedded-content\" sandbox=\"allow-scripts\" security=\"restricted\" style=\"position: absolute; clip: rect(1px, 1px, 1px, 1px);\" title=\"\u00ab\u00a0Autorit\u00e9, entre soumission et r\u00e9sistance.\u00a0\u00bb &#8212; inconscient-collectif.com\" src=\"http:\/\/www.inconscient-collectif.com\/index.php\/2024\/03\/20\/autorite-entre-soumission-et-resistance\/embed\/#?secret=jgexgbQKtJ#?secret=B344BBEFOX\" data-secret=\"B344BBEFOX\" width=\"600\" height=\"338\" frameborder=\"0\" marginwidth=\"0\" marginheight=\"0\" scrolling=\"no\"><\/iframe>\n<\/div><\/figure>\n\n\n\n<figure class=\"wp-block-embed is-type-wp-embed is-provider-inconscient-collectif-com wp-block-embed-inconscient-collectif-com\"><div class=\"wp-block-embed__wrapper\">\n<blockquote class=\"wp-embedded-content\" data-secret=\"grMO81WBZB\"><a href=\"http:\/\/www.inconscient-collectif.com\/index.php\/2024\/03\/19\/entre-ombre-et-lumiere-role-crucial-des-minorites-actives\/\">Entre ombre et lumi\u00e8re : r\u00f4le crucial des minorit\u00e9s actives.<\/a><\/blockquote><iframe loading=\"lazy\" class=\"wp-embedded-content\" sandbox=\"allow-scripts\" security=\"restricted\" style=\"position: absolute; clip: rect(1px, 1px, 1px, 1px);\" title=\"\u00ab\u00a0Entre ombre et lumi\u00e8re : r\u00f4le crucial des minorit\u00e9s actives.\u00a0\u00bb &#8212; inconscient-collectif.com\" src=\"http:\/\/www.inconscient-collectif.com\/index.php\/2024\/03\/19\/entre-ombre-et-lumiere-role-crucial-des-minorites-actives\/embed\/#?secret=VC9rZPMSzu#?secret=grMO81WBZB\" data-secret=\"grMO81WBZB\" width=\"600\" height=\"338\" frameborder=\"0\" marginwidth=\"0\" marginheight=\"0\" scrolling=\"no\"><\/iframe>\n<\/div><\/figure>\n\n\n\n<figure class=\"wp-block-embed is-type-wp-embed is-provider-inconscient-collectif-com wp-block-embed-inconscient-collectif-com\"><div class=\"wp-block-embed__wrapper\">\n<blockquote class=\"wp-embedded-content\" data-secret=\"FR997xTcLj\"><a href=\"http:\/\/www.inconscient-collectif.com\/index.php\/2024\/03\/19\/au-dela-du-conformisme-politique-partie-3\/\">Au-del\u00e0 du conformisme politique : Partie 3.<\/a><\/blockquote><iframe loading=\"lazy\" class=\"wp-embedded-content\" sandbox=\"allow-scripts\" security=\"restricted\" style=\"position: absolute; clip: rect(1px, 1px, 1px, 1px);\" title=\"\u00ab\u00a0Au-del\u00e0 du conformisme politique : Partie 3.\u00a0\u00bb &#8212; inconscient-collectif.com\" src=\"http:\/\/www.inconscient-collectif.com\/index.php\/2024\/03\/19\/au-dela-du-conformisme-politique-partie-3\/embed\/#?secret=MqJwE2702U#?secret=FR997xTcLj\" data-secret=\"FR997xTcLj\" width=\"600\" height=\"338\" frameborder=\"0\" marginwidth=\"0\" marginheight=\"0\" scrolling=\"no\"><\/iframe>\n<\/div><\/figure>\n\n\n\n<figure class=\"wp-block-embed is-type-wp-embed is-provider-inconscient-collectif-com wp-block-embed-inconscient-collectif-com\"><div class=\"wp-block-embed__wrapper\">\n<blockquote class=\"wp-embedded-content\" data-secret=\"KZ0d1QNVmg\"><a href=\"http:\/\/www.inconscient-collectif.com\/index.php\/2024\/03\/18\/bonjour-tout-le-monde\/\">Au-del\u00e0 du conformisme politique : Partie 2.<\/a><\/blockquote><iframe loading=\"lazy\" class=\"wp-embedded-content\" sandbox=\"allow-scripts\" security=\"restricted\" style=\"position: absolute; clip: rect(1px, 1px, 1px, 1px);\" title=\"\u00ab\u00a0Au-del\u00e0 du conformisme politique : Partie 2.\u00a0\u00bb &#8212; inconscient-collectif.com\" src=\"http:\/\/www.inconscient-collectif.com\/index.php\/2024\/03\/18\/bonjour-tout-le-monde\/embed\/#?secret=cSR07HfZnO#?secret=KZ0d1QNVmg\" data-secret=\"KZ0d1QNVmg\" width=\"600\" height=\"338\" frameborder=\"0\" marginwidth=\"0\" marginheight=\"0\" scrolling=\"no\"><\/iframe>\n<\/div><\/figure>\n\n\n\n<figure class=\"wp-block-embed is-type-wp-embed is-provider-inconscient-collectif-com wp-block-embed-inconscient-collectif-com\"><div class=\"wp-block-embed__wrapper\">\n<blockquote class=\"wp-embedded-content\" data-secret=\"C3VxBRR19a\"><a href=\"http:\/\/www.inconscient-collectif.com\/index.php\/2024\/03\/19\/le-conformisme-1\/\">Le conformisme (1).<\/a><\/blockquote><iframe loading=\"lazy\" class=\"wp-embedded-content\" sandbox=\"allow-scripts\" security=\"restricted\" style=\"position: absolute; clip: rect(1px, 1px, 1px, 1px);\" title=\"\u00ab\u00a0Le conformisme (1).\u00a0\u00bb &#8212; inconscient-collectif.com\" src=\"http:\/\/www.inconscient-collectif.com\/index.php\/2024\/03\/19\/le-conformisme-1\/embed\/#?secret=WbIPpJ8JNk#?secret=C3VxBRR19a\" data-secret=\"C3VxBRR19a\" width=\"600\" height=\"338\" frameborder=\"0\" marginwidth=\"0\" marginheight=\"0\" scrolling=\"no\"><\/iframe>\n<\/div><\/figure>\n\n\n\n<p><\/p>\n\n\n\n<p><\/p>\n","protected":false},"excerpt":{"rendered":"","protected":false},"author":1,"featured_media":0,"parent":0,"menu_order":0,"comment_status":"closed","ping_status":"closed","template":"","meta":{"footnotes":""},"class_list":["post-10","page","type-page","status-publish","hentry"],"aioseo_notices":[],"jetpack_sharing_enabled":true,"_links":{"self":[{"href":"https:\/\/www.inconscient-collectif.com\/index.php\/wp-json\/wp\/v2\/pages\/10","targetHints":{"allow":["GET"]}}],"collection":[{"href":"https:\/\/www.inconscient-collectif.com\/index.php\/wp-json\/wp\/v2\/pages"}],"about":[{"href":"https:\/\/www.inconscient-collectif.com\/index.php\/wp-json\/wp\/v2\/types\/page"}],"author":[{"embeddable":true,"href":"https:\/\/www.inconscient-collectif.com\/index.php\/wp-json\/wp\/v2\/users\/1"}],"replies":[{"embeddable":true,"href":"https:\/\/www.inconscient-collectif.com\/index.php\/wp-json\/wp\/v2\/comments?post=10"}],"version-history":[{"count":6,"href":"https:\/\/www.inconscient-collectif.com\/index.php\/wp-json\/wp\/v2\/pages\/10\/revisions"}],"predecessor-version":[{"id":166,"href":"https:\/\/www.inconscient-collectif.com\/index.php\/wp-json\/wp\/v2\/pages\/10\/revisions\/166"}],"wp:attachment":[{"href":"https:\/\/www.inconscient-collectif.com\/index.php\/wp-json\/wp\/v2\/media?parent=10"}],"curies":[{"name":"wp","href":"https:\/\/api.w.org\/{rel}","templated":true}]}}